{"id":762,"date":"2024-12-18T20:32:17","date_gmt":"2024-12-18T19:32:17","guid":{"rendered":"https:\/\/www.delphinelandru.com\/?page_id=762"},"modified":"2025-05-29T15:21:19","modified_gmt":"2025-05-29T13:21:19","slug":"chanteuse-lyrique-a-courdimanche-95","status":"publish","type":"page","link":"https:\/\/www.delphinelandru.com\/index.php\/chanteuse-lyrique-a-courdimanche-95\/","title":{"rendered":"Chanteuse Lyrique \u00e0 Courdimanche (95)"},"content":{"rendered":"\t\t<div data-elementor-type=\"wp-page\" data-elementor-id=\"762\" class=\"elementor elementor-762\" data-elementor-post-type=\"page\">\n\t\t\t\t<div class=\"elementor-element elementor-element-70c4242 e-flex e-con-boxed e-con e-parent\" data-id=\"70c4242\" data-element_type=\"container\" data-e-type=\"container\" data-settings=\"{&quot;background_background&quot;:&quot;classic&quot;}\">\n\t\t\t\t\t<div class=\"e-con-inner\">\n\t\t\t\t\t<\/div>\n\t\t\t\t<\/div>\n\t\t<div class=\"elementor-element elementor-element-27c24a7 e-flex e-con-boxed e-con e-parent\" data-id=\"27c24a7\" data-element_type=\"container\" data-e-type=\"container\">\n\t\t\t\t\t<div class=\"e-con-inner\">\n\t\t\t\t<div class=\"elementor-element elementor-element-96f0d15 elementor-widget elementor-widget-heading\" data-id=\"96f0d15\" data-element_type=\"widget\" data-e-type=\"widget\" data-widget_type=\"heading.default\">\n\t\t\t\t<div class=\"elementor-widget-container\">\n\t\t\t\t\t<h2 class=\"elementor-heading-title elementor-size-default\">Chanteuse Lyrique \u00e0 Courdimanche (95)<\/h2>\t\t\t\t<\/div>\n\t\t\t\t<\/div>\n\t\t\t\t\t<\/div>\n\t\t\t\t<\/div>\n\t\t<div class=\"elementor-element elementor-element-ed2b42e e-flex e-con-boxed e-con e-parent\" data-id=\"ed2b42e\" data-element_type=\"container\" data-e-type=\"container\">\n\t\t\t\t\t<div class=\"e-con-inner\">\n\t\t\t\t<div class=\"elementor-element elementor-element-d0130f5 elementor-widget elementor-widget-text-editor\" data-id=\"d0130f5\" data-element_type=\"widget\" data-e-type=\"widget\" data-widget_type=\"text-editor.default\">\n\t\t\t\t<div class=\"elementor-widget-container\">\n\t\t\t\t\t\t\t\t\t<p>Vous cherchez une chanteuse lyrique talentueuse \u00e0 <strong>Courdimanche (95)<\/strong> pour magnifier vos \u00e9v\u00e9nements\u202f? Je m\u2019appelle Delphine Landru, chanteuse professionnelle sp\u00e9cialis\u00e9e dans le r\u00e9pertoire classique, op\u00e9ratique et contemporain. Que ce soit pour un <strong>mariage<\/strong>, un <strong>concert priv\u00e9<\/strong>, une <strong>c\u00e9r\u00e9monie religieuse<\/strong>, ou un <strong>\u00e9v\u00e9nement d\u2019entreprise<\/strong>, je propose des prestations sur mesure pour cr\u00e9er une atmosph\u00e8re m\u00e9morable.<\/p><p>Bas\u00e9e \u00e0 proximit\u00e9 de Courdimanche, j\u2019interviens dans le Val-d\u2019Oise et ses alentours pour apporter une touche d\u2019\u00e9l\u00e9gance et d\u2019\u00e9motion \u00e0 votre moment sp\u00e9cial. Mon objectif\u202f: transformer vos instants pr\u00e9cieux en souvenirs inoubliables gr\u00e2ce \u00e0 la puissance de la musique.<\/p>\t\t\t\t\t\t\t\t<\/div>\n\t\t\t\t<\/div>\n\t\t\t\t\t<\/div>\n\t\t\t\t<\/div>\n\t\t<div class=\"elementor-element elementor-element-774e0ce e-flex e-con-boxed e-con e-parent\" data-id=\"774e0ce\" data-element_type=\"container\" data-e-type=\"container\" data-settings=\"{&quot;background_background&quot;:&quot;classic&quot;,&quot;shape_divider_top&quot;:&quot;curve&quot;,&quot;shape_divider_bottom&quot;:&quot;curve&quot;}\">\n\t\t\t\t\t<div class=\"e-con-inner\">\n\t\t\t\t<div class=\"elementor-shape elementor-shape-top\" aria-hidden=\"true\" data-negative=\"false\">\n\t\t\t<svg xmlns=\"http:\/\/www.w3.org\/2000\/svg\" viewBox=\"0 0 1000 100\" preserveAspectRatio=\"none\">\n    <path class=\"elementor-shape-fill\" d=\"M1000,4.3V0H0v4.3C0.9,23.1,126.7,99.2,500,100S1000,22.7,1000,4.3z\"\/>\n<\/svg>\t\t<\/div>\n\t\t\t\t<div class=\"elementor-shape elementor-shape-bottom\" aria-hidden=\"true\" data-negative=\"false\">\n\t\t\t<svg xmlns=\"http:\/\/www.w3.org\/2000\/svg\" viewBox=\"0 0 1000 100\" preserveAspectRatio=\"none\">\n    <path class=\"elementor-shape-fill\" d=\"M1000,4.3V0H0v4.3C0.9,23.1,126.7,99.2,500,100S1000,22.7,1000,4.3z\"\/>\n<\/svg>\t\t<\/div>\n\t\t<div class=\"elementor-element elementor-element-068c280 e-con-full e-flex e-con e-child\" data-id=\"068c280\" data-element_type=\"container\" data-e-type=\"container\">\n\t\t\t\t<div class=\"elementor-element elementor-element-87c615e elementor-view-default elementor-position-block-start elementor-mobile-position-block-start elementor-widget elementor-widget-icon-box\" data-id=\"87c615e\" data-element_type=\"widget\" data-e-type=\"widget\" data-widget_type=\"icon-box.default\">\n\t\t\t\t<div class=\"elementor-widget-container\">\n\t\t\t\t\t\t\t<div class=\"elementor-icon-box-wrapper\">\n\n\t\t\t\t\t\t<div class=\"elementor-icon-box-icon\">\n\t\t\t\t<span  class=\"elementor-icon\">\n\t\t\t\t<svg aria-hidden=\"true\" class=\"e-font-icon-svg e-fas-heart\" viewBox=\"0 0 512 512\" xmlns=\"http:\/\/www.w3.org\/2000\/svg\"><path d=\"M462.3 62.6C407.5 15.9 326 24.3 275.7 76.2L256 96.5l-19.7-20.3C186.1 24.3 104.5 15.9 49.7 62.6c-62.8 53.6-66.1 149.8-9.9 207.9l193.5 199.8c12.5 12.9 32.8 12.9 45.3 0l193.5-199.8c56.3-58.1 53-154.3-9.8-207.9z\"><\/path><\/svg>\t\t\t\t<\/span>\n\t\t\t<\/div>\n\t\t\t\n\t\t\t\t\t\t<div class=\"elementor-icon-box-content\">\n\n\t\t\t\t\t\t\t\t\t<h3 class=\"elementor-icon-box-title\">\n\t\t\t\t\t\t<span  >\n\t\t\t\t\t\t\tMariage et c\u00e9r\u00e9monies\t\t\t\t\t\t<\/span>\n\t\t\t\t\t<\/h3>\n\t\t\t\t\n\t\t\t\t\t\t\t\t\t<p class=\"elementor-icon-box-description\">\n\t\t\t\t\t\tAjoutez une note d\u2019\u00e9l\u00e9gance \u00e0 votre mariage \u00e0 Courdimanche\u202f: une interpr\u00e9tation lyrique lors de la c\u00e9r\u00e9monie religieuse, civile ou la\u00efque, ou encore pendant le vin d\u2019honneur.\t\t\t\t\t<\/p>\n\t\t\t\t\n\t\t\t<\/div>\n\t\t\t\n\t\t<\/div>\n\t\t\t\t\t\t<\/div>\n\t\t\t\t<\/div>\n\t\t\t\t<\/div>\n\t\t<div class=\"elementor-element elementor-element-e8e662d e-con-full e-flex e-con e-child\" data-id=\"e8e662d\" data-element_type=\"container\" data-e-type=\"container\">\n\t\t\t\t<div class=\"elementor-element elementor-element-8833bfc elementor-view-default elementor-position-block-start elementor-mobile-position-block-start elementor-widget elementor-widget-icon-box\" data-id=\"8833bfc\" data-element_type=\"widget\" data-e-type=\"widget\" data-widget_type=\"icon-box.default\">\n\t\t\t\t<div class=\"elementor-widget-container\">\n\t\t\t\t\t\t\t<div class=\"elementor-icon-box-wrapper\">\n\n\t\t\t\t\t\t<div class=\"elementor-icon-box-icon\">\n\t\t\t\t<span  class=\"elementor-icon\">\n\t\t\t\t<svg aria-hidden=\"true\" class=\"e-font-icon-svg e-fas-microphone-alt\" viewBox=\"0 0 352 512\" xmlns=\"http:\/\/www.w3.org\/2000\/svg\"><path d=\"M336 192h-16c-8.84 0-16 7.16-16 16v48c0 74.8-64.49 134.82-140.79 127.38C96.71 376.89 48 317.11 48 250.3V208c0-8.84-7.16-16-16-16H16c-8.84 0-16 7.16-16 16v40.16c0 89.64 63.97 169.55 152 181.69V464H96c-8.84 0-16 7.16-16 16v16c0 8.84 7.16 16 16 16h160c8.84 0 16-7.16 16-16v-16c0-8.84-7.16-16-16-16h-56v-33.77C285.71 418.47 352 344.9 352 256v-48c0-8.84-7.16-16-16-16zM176 352c53.02 0 96-42.98 96-96h-85.33c-5.89 0-10.67-3.58-10.67-8v-16c0-4.42 4.78-8 10.67-8H272v-32h-85.33c-5.89 0-10.67-3.58-10.67-8v-16c0-4.42 4.78-8 10.67-8H272v-32h-85.33c-5.89 0-10.67-3.58-10.67-8v-16c0-4.42 4.78-8 10.67-8H272c0-53.02-42.98-96-96-96S80 42.98 80 96v160c0 53.02 42.98 96 96 96z\"><\/path><\/svg>\t\t\t\t<\/span>\n\t\t\t<\/div>\n\t\t\t\n\t\t\t\t\t\t<div class=\"elementor-icon-box-content\">\n\n\t\t\t\t\t\t\t\t\t<h3 class=\"elementor-icon-box-title\">\n\t\t\t\t\t\t<span  >\n\t\t\t\t\t\t\tConcerts priv\u00e9s\t\t\t\t\t\t<\/span>\n\t\t\t\t\t<\/h3>\n\t\t\t\t\n\t\t\t\t\t\t\t\t\t<p class=\"elementor-icon-box-description\">\n\t\t\t\t\t\tPour vos soir\u00e9es et \u00e9v\u00e9nements culturels \u00e0 Courdimanche, laissez-vous transporter par des airs d\u2019op\u00e9ra, des m\u00e9lodies intemporelles et des \u0153uvres classiques.\t\t\t\t\t<\/p>\n\t\t\t\t\n\t\t\t<\/div>\n\t\t\t\n\t\t<\/div>\n\t\t\t\t\t\t<\/div>\n\t\t\t\t<\/div>\n\t\t\t\t<\/div>\n\t\t<div class=\"elementor-element elementor-element-f2552f2 e-con-full e-flex e-con e-child\" data-id=\"f2552f2\" data-element_type=\"container\" data-e-type=\"container\">\n\t\t\t\t<div class=\"elementor-element elementor-element-73090c1 elementor-view-default elementor-position-block-start elementor-mobile-position-block-start elementor-widget elementor-widget-icon-box\" data-id=\"73090c1\" data-element_type=\"widget\" data-e-type=\"widget\" data-widget_type=\"icon-box.default\">\n\t\t\t\t<div class=\"elementor-widget-container\">\n\t\t\t\t\t\t\t<div class=\"elementor-icon-box-wrapper\">\n\n\t\t\t\t\t\t<div class=\"elementor-icon-box-icon\">\n\t\t\t\t<span  class=\"elementor-icon\">\n\t\t\t\t<svg aria-hidden=\"true\" class=\"e-font-icon-svg e-fas-music\" viewBox=\"0 0 512 512\" xmlns=\"http:\/\/www.w3.org\/2000\/svg\"><path d=\"M470.38 1.51L150.41 96A32 32 0 0 0 128 126.51v261.41A139 139 0 0 0 96 384c-53 0-96 28.66-96 64s43 64 96 64 96-28.66 96-64V214.32l256-75v184.61a138.4 138.4 0 0 0-32-3.93c-53 0-96 28.66-96 64s43 64 96 64 96-28.65 96-64V32a32 32 0 0 0-41.62-30.49z\"><\/path><\/svg>\t\t\t\t<\/span>\n\t\t\t<\/div>\n\t\t\t\n\t\t\t\t\t\t<div class=\"elementor-icon-box-content\">\n\n\t\t\t\t\t\t\t\t\t<h3 class=\"elementor-icon-box-title\">\n\t\t\t\t\t\t<span  >\n\t\t\t\t\t\t\tCours et coaching vocal\t\t\t\t\t\t<\/span>\n\t\t\t\t\t<\/h3>\n\t\t\t\t\n\t\t\t\t\t\t\t\t\t<p class=\"elementor-icon-box-description\">\n\t\t\t\t\t\tEnvie de d\u00e9velopper votre voix\u202f? J\u2019offre des cours particuliers pour les amateurs et professionnels de la r\u00e9gion.\n\n\t\t\t\t\t<\/p>\n\t\t\t\t\n\t\t\t<\/div>\n\t\t\t\n\t\t<\/div>\n\t\t\t\t\t\t<\/div>\n\t\t\t\t<\/div>\n\t\t\t\t<\/div>\n\t\t\t\t\t<\/div>\n\t\t\t\t<\/div>\n\t\t<div class=\"elementor-element elementor-element-c618938 e-flex e-con-boxed e-con e-parent\" data-id=\"c618938\" data-element_type=\"container\" data-e-type=\"container\">\n\t\t\t\t\t<div class=\"e-con-inner\">\n\t\t<div class=\"elementor-element elementor-element-0b9eede e-con-full e-flex e-con e-child\" data-id=\"0b9eede\" data-element_type=\"container\" data-e-type=\"container\">\n\t\t\t\t<div class=\"elementor-element elementor-element-89cf719 elementor-widget elementor-widget-heading\" data-id=\"89cf719\" data-element_type=\"widget\" data-e-type=\"widget\" data-widget_type=\"heading.default\">\n\t\t\t\t<div class=\"elementor-widget-container\">\n\t\t\t\t\t<h2 class=\"elementor-heading-title elementor-size-default\">Disponibilit\u00e9s<\/h2>\t\t\t\t<\/div>\n\t\t\t\t<\/div>\n\t\t\t\t<div class=\"elementor-element elementor-element-213b726 elementor-widget elementor-widget-text-editor\" data-id=\"213b726\" data-element_type=\"widget\" data-e-type=\"widget\" data-widget_type=\"text-editor.default\">\n\t\t\t\t<div class=\"elementor-widget-container\">\n\t\t\t\t\t\t\t\t\t<p>Je suis disponible pour des prestations tout au long de l\u2019ann\u00e9e \u00e0 Courdimanche et dans le Val-d\u2019Oise.<\/p>\t\t\t\t\t\t\t\t<\/div>\n\t\t\t\t<\/div>\n\t\t\t\t<\/div>\n\t\t<div class=\"elementor-element elementor-element-ba042ae e-con-full e-flex e-con e-child\" data-id=\"ba042ae\" data-element_type=\"container\" data-e-type=\"container\">\n\t\t\t\t<div class=\"elementor-element elementor-element-9b18a56 elementor-widget elementor-widget-heading\" data-id=\"9b18a56\" data-element_type=\"widget\" data-e-type=\"widget\" data-widget_type=\"heading.default\">\n\t\t\t\t<div class=\"elementor-widget-container\">\n\t\t\t\t\t<h2 class=\"elementor-heading-title elementor-size-default\">Contactez-moi<\/h2>\t\t\t\t<\/div>\n\t\t\t\t<\/div>\n\t\t\t\t<div class=\"elementor-element elementor-element-b2d107f elementor-widget elementor-widget-text-editor\" data-id=\"b2d107f\" data-element_type=\"widget\" data-e-type=\"widget\" data-widget_type=\"text-editor.default\">\n\t\t\t\t<div class=\"elementor-widget-container\">\n\t\t\t\t\t\t\t\t\t<p>Pour discuter de votre projet, vous pouvez me joindre au 06 24 57 47 57 ou via delphine.landru@cegetel.fr. Je serai ravie d\u2019\u00e9changer avec vous et de cr\u00e9er une prestation sur mesure pour votre \u00e9v\u00e9nement.<\/p>\t\t\t\t\t\t\t\t<\/div>\n\t\t\t\t<\/div>\n\t\t\t\t<\/div>\n\t\t\t\t\t<\/div>\n\t\t\t\t<\/div>\n\t\t<div class=\"elementor-element elementor-element-78c1257 e-flex e-con-boxed e-con e-parent\" data-id=\"78c1257\" data-element_type=\"container\" data-e-type=\"container\">\n\t\t\t\t\t<div class=\"e-con-inner\">\n\t\t\t\t<div class=\"elementor-element elementor-element-9c1f8af elementor-cta--skin-cover elementor-cta--valign-middle elementor-widget elementor-widget-call-to-action\" data-id=\"9c1f8af\" data-element_type=\"widget\" data-e-type=\"widget\" data-widget_type=\"call-to-action.default\">\n\t\t\t\t<div class=\"elementor-widget-container\">\n\t\t\t\t\t\t\t<div class=\"elementor-cta\">\n\t\t\t\t\t<div class=\"elementor-cta__bg-wrapper\">\n\t\t\t\t<div class=\"elementor-cta__bg elementor-bg\" style=\"background-image: url(https:\/\/www.delphinelandru.com\/wp-content\/uploads\/2024\/12\/melc_1.jpg);\" role=\"img\" aria-label=\"melc_1\"><\/div>\n\t\t\t\t<div class=\"elementor-cta__bg-overlay\"><\/div>\n\t\t\t<\/div>\n\t\t\t\t\t\t\t<div class=\"elementor-cta__content\">\n\t\t\t\t\n\t\t\t\t\t\t\t\t\t<h2 class=\"elementor-cta__title elementor-cta__content-item elementor-content-item\">\n\t\t\t\t\t\tTransformez votre \u00e9v\u00e9nement \u00e0 Courdimanche avec une prestation lyrique inoubliable\t\t\t\t\t<\/h2>\n\t\t\t\t\n\t\t\t\t\t\t\t\t\t<div class=\"elementor-cta__description elementor-cta__content-item elementor-content-item\">\n\t\t\t\t\t\tR\u00e9servez d\u00e8s maintenant pour faire de votre moment un souvenir imp\u00e9rissable. \n\n\t\t\t\t\t<\/div>\n\t\t\t\t\n\t\t\t\t\t\t\t<\/div>\n\t\t\t\t\t\t<\/div>\n\t\t\t\t\t\t<\/div>\n\t\t\t\t<\/div>\n\t\t\t\t\t<\/div>\n\t\t\t\t<\/div>\n\t\t\t\t<\/div>\n\t\t","protected":false},"excerpt":{"rendered":"<p>Vous cherchez une chanteuse lyrique talentueuse \u00e0 Courdimanche (95) pour magnifier vos \u00e9v\u00e9nements\u202f? Je m\u2019appelle Delphine Landru, chanteuse professionnelle sp\u00e9cialis\u00e9e dans le r\u00e9pertoire classique, op\u00e9ratique et contemporain. Que ce soit pour un mariage, un concert priv\u00e9, une c\u00e9r\u00e9monie religieuse, ou un \u00e9v\u00e9nement d\u2019entreprise, je propose des prestations sur mesure pour cr\u00e9er une atmosph\u00e8re m\u00e9morable. Bas\u00e9e [&hellip;]<\/p>\n","protected":false},"author":1,"featured_media":0,"parent":0,"menu_order":0,"comment_status":"closed","ping_status":"closed","template":"","meta":{"footnotes":""},"class_list":["post-762","page","type-page","status-publish","hentry"],"yoast_head":"<!-- This site is optimized with the Yoast SEO plugin v27.4 - https:\/\/yoast.com\/product\/yoast-seo-wordpress\/ -->\n<title>Chanteuse Lyrique \u00e0 Courdimanche (95)<\/title>\n<meta name=\"description\" content=\"D\u00e9couvrez une chanteuse lyrique professionnelle \u00e0 Courdimanche (95). Services pour mariages, concerts et \u00e9v\u00e9nements priv\u00e9s.\" \/>\n<meta name=\"robots\" content=\"index, follow, max-snippet:-1, max-image-preview:large, max-video-preview:-1\" \/>\n<link rel=\"canonical\" href=\"https:\/\/www.delphinelandru.com\/index.php\/chanteuse-lyrique-a-courdimanche-95\/\" \/>\n<meta property=\"og:locale\" content=\"fr_FR\" \/>\n<meta property=\"og:type\" content=\"article\" \/>\n<meta property=\"og:title\" content=\"Chanteuse Lyrique \u00e0 Courdimanche (95)\" \/>\n<meta property=\"og:description\" content=\"D\u00e9couvrez une chanteuse lyrique professionnelle \u00e0 Courdimanche (95). Services pour mariages, concerts et \u00e9v\u00e9nements priv\u00e9s.\" \/>\n<meta property=\"og:url\" content=\"https:\/\/www.delphinelandru.com\/index.php\/chanteuse-lyrique-a-courdimanche-95\/\" \/>\n<meta property=\"og:site_name\" content=\"Delphine Landru - Chanteuse lyrique\" \/>\n<meta property=\"article:modified_time\" content=\"2025-05-29T13:21:19+00:00\" \/>\n<meta name=\"twitter:card\" content=\"summary_large_image\" \/>\n<meta name=\"twitter:label1\" content=\"Dur\u00e9e de lecture estim\u00e9e\" \/>\n\t<meta name=\"twitter:data1\" content=\"1 minute\" \/>\n<script type=\"application\/ld+json\" class=\"yoast-schema-graph\">{\"@context\":\"https:\\\/\\\/schema.org\",\"@graph\":[{\"@type\":\"WebPage\",\"@id\":\"https:\\\/\\\/www.delphinelandru.com\\\/index.php\\\/chanteuse-lyrique-a-courdimanche-95\\\/\",\"url\":\"https:\\\/\\\/www.delphinelandru.com\\\/index.php\\\/chanteuse-lyrique-a-courdimanche-95\\\/\",\"name\":\"Chanteuse Lyrique \u00e0 Courdimanche (95)\",\"isPartOf\":{\"@id\":\"https:\\\/\\\/www.delphinelandru.com\\\/#website\"},\"datePublished\":\"2024-12-18T19:32:17+00:00\",\"dateModified\":\"2025-05-29T13:21:19+00:00\",\"description\":\"D\u00e9couvrez une chanteuse lyrique professionnelle \u00e0 Courdimanche (95). Services pour mariages, concerts et \u00e9v\u00e9nements priv\u00e9s.\",\"breadcrumb\":{\"@id\":\"https:\\\/\\\/www.delphinelandru.com\\\/index.php\\\/chanteuse-lyrique-a-courdimanche-95\\\/#breadcrumb\"},\"inLanguage\":\"fr-FR\",\"potentialAction\":[{\"@type\":\"ReadAction\",\"target\":[\"https:\\\/\\\/www.delphinelandru.com\\\/index.php\\\/chanteuse-lyrique-a-courdimanche-95\\\/\"]}]},{\"@type\":\"BreadcrumbList\",\"@id\":\"https:\\\/\\\/www.delphinelandru.com\\\/index.php\\\/chanteuse-lyrique-a-courdimanche-95\\\/#breadcrumb\",\"itemListElement\":[{\"@type\":\"ListItem\",\"position\":1,\"name\":\"Accueil\",\"item\":\"https:\\\/\\\/www.delphinelandru.com\\\/\"},{\"@type\":\"ListItem\",\"position\":2,\"name\":\"Chanteuse Lyrique \u00e0 Courdimanche (95)\"}]},{\"@type\":\"WebSite\",\"@id\":\"https:\\\/\\\/www.delphinelandru.com\\\/#website\",\"url\":\"https:\\\/\\\/www.delphinelandru.com\\\/\",\"name\":\"Delphine Landru - Soprane\",\"description\":\"Soprane dipl\u00f4m\u00e9e du Conservatoire de Paris\",\"potentialAction\":[{\"@type\":\"SearchAction\",\"target\":{\"@type\":\"EntryPoint\",\"urlTemplate\":\"https:\\\/\\\/www.delphinelandru.com\\\/?s={search_term_string}\"},\"query-input\":{\"@type\":\"PropertyValueSpecification\",\"valueRequired\":true,\"valueName\":\"search_term_string\"}}],\"inLanguage\":\"fr-FR\"}]}<\/script>\n<!-- \/ Yoast SEO plugin. -->","yoast_head_json":{"title":"Chanteuse Lyrique \u00e0 Courdimanche (95)","description":"D\u00e9couvrez une chanteuse lyrique professionnelle \u00e0 Courdimanche (95). Services pour mariages, concerts et \u00e9v\u00e9nements priv\u00e9s.","robots":{"index":"index","follow":"follow","max-snippet":"max-snippet:-1","max-image-preview":"max-image-preview:large","max-video-preview":"max-video-preview:-1"},"canonical":"https:\/\/www.delphinelandru.com\/index.php\/chanteuse-lyrique-a-courdimanche-95\/","og_locale":"fr_FR","og_type":"article","og_title":"Chanteuse Lyrique \u00e0 Courdimanche (95)","og_description":"D\u00e9couvrez une chanteuse lyrique professionnelle \u00e0 Courdimanche (95). Services pour mariages, concerts et \u00e9v\u00e9nements priv\u00e9s.","og_url":"https:\/\/www.delphinelandru.com\/index.php\/chanteuse-lyrique-a-courdimanche-95\/","og_site_name":"Delphine Landru - Chanteuse lyrique","article_modified_time":"2025-05-29T13:21:19+00:00","twitter_card":"summary_large_image","twitter_misc":{"Dur\u00e9e de lecture estim\u00e9e":"1 minute"},"schema":{"@context":"https:\/\/schema.org","@graph":[{"@type":"WebPage","@id":"https:\/\/www.delphinelandru.com\/index.php\/chanteuse-lyrique-a-courdimanche-95\/","url":"https:\/\/www.delphinelandru.com\/index.php\/chanteuse-lyrique-a-courdimanche-95\/","name":"Chanteuse Lyrique \u00e0 Courdimanche (95)","isPartOf":{"@id":"https:\/\/www.delphinelandru.com\/#website"},"datePublished":"2024-12-18T19:32:17+00:00","dateModified":"2025-05-29T13:21:19+00:00","description":"D\u00e9couvrez une chanteuse lyrique professionnelle \u00e0 Courdimanche (95). Services pour mariages, concerts et \u00e9v\u00e9nements priv\u00e9s.","breadcrumb":{"@id":"https:\/\/www.delphinelandru.com\/index.php\/chanteuse-lyrique-a-courdimanche-95\/#breadcrumb"},"inLanguage":"fr-FR","potentialAction":[{"@type":"ReadAction","target":["https:\/\/www.delphinelandru.com\/index.php\/chanteuse-lyrique-a-courdimanche-95\/"]}]},{"@type":"BreadcrumbList","@id":"https:\/\/www.delphinelandru.com\/index.php\/chanteuse-lyrique-a-courdimanche-95\/#breadcrumb","itemListElement":[{"@type":"ListItem","position":1,"name":"Accueil","item":"https:\/\/www.delphinelandru.com\/"},{"@type":"ListItem","position":2,"name":"Chanteuse Lyrique \u00e0 Courdimanche (95)"}]},{"@type":"WebSite","@id":"https:\/\/www.delphinelandru.com\/#website","url":"https:\/\/www.delphinelandru.com\/","name":"Delphine Landru - Soprane","description":"Soprane dipl\u00f4m\u00e9e du Conservatoire de Paris","potentialAction":[{"@type":"SearchAction","target":{"@type":"EntryPoint","urlTemplate":"https:\/\/www.delphinelandru.com\/?s={search_term_string}"},"query-input":{"@type":"PropertyValueSpecification","valueRequired":true,"valueName":"search_term_string"}}],"inLanguage":"fr-FR"}]}},"_links":{"self":[{"href":"https:\/\/www.delphinelandru.com\/index.php\/wp-json\/wp\/v2\/pages\/762","targetHints":{"allow":["GET"]}}],"collection":[{"href":"https:\/\/www.delphinelandru.com\/index.php\/wp-json\/wp\/v2\/pages"}],"about":[{"href":"https:\/\/www.delphinelandru.com\/index.php\/wp-json\/wp\/v2\/types\/page"}],"author":[{"embeddable":true,"href":"https:\/\/www.delphinelandru.com\/index.php\/wp-json\/wp\/v2\/users\/1"}],"replies":[{"embeddable":true,"href":"https:\/\/www.delphinelandru.com\/index.php\/wp-json\/wp\/v2\/comments?post=762"}],"version-history":[{"count":20,"href":"https:\/\/www.delphinelandru.com\/index.php\/wp-json\/wp\/v2\/pages\/762\/revisions"}],"predecessor-version":[{"id":877,"href":"https:\/\/www.delphinelandru.com\/index.php\/wp-json\/wp\/v2\/pages\/762\/revisions\/877"}],"wp:attachment":[{"href":"https:\/\/www.delphinelandru.com\/index.php\/wp-json\/wp\/v2\/media?parent=762"}],"curies":[{"name":"wp","href":"https:\/\/api.w.org\/{rel}","templated":true}]}}