{"id":705,"date":"2024-12-02T12:55:29","date_gmt":"2024-12-02T11:55:29","guid":{"rendered":"https:\/\/www.delphinelandru.com\/?page_id=705"},"modified":"2024-12-18T20:26:37","modified_gmt":"2024-12-18T19:26:37","slug":"mentions-legales","status":"publish","type":"page","link":"https:\/\/www.delphinelandru.com\/index.php\/mentions-legales\/","title":{"rendered":"Mentions l\u00e9gales"},"content":{"rendered":"\t\t<div data-elementor-type=\"wp-page\" data-elementor-id=\"705\" class=\"elementor elementor-705\" data-elementor-post-type=\"page\">\n\t\t\t\t<div class=\"elementor-element elementor-element-f2688dc e-flex e-con-boxed e-con e-parent\" data-id=\"f2688dc\" data-element_type=\"container\" data-e-type=\"container\">\n\t\t\t\t\t<div class=\"e-con-inner\">\n\t\t<div class=\"elementor-element elementor-element-2920cb4 e-con-full e-flex e-con e-child\" data-id=\"2920cb4\" data-element_type=\"container\" data-e-type=\"container\">\n\t\t\t\t<div class=\"elementor-element elementor-element-fe69984 elementor-widget elementor-widget-heading\" data-id=\"fe69984\" data-element_type=\"widget\" data-e-type=\"widget\" data-widget_type=\"heading.default\">\n\t\t\t\t<div class=\"elementor-widget-container\">\n\t\t\t\t\t<h2 class=\"elementor-heading-title elementor-size-default\">Mentions l\u00e9gales<\/h2>\t\t\t\t<\/div>\n\t\t\t\t<\/div>\n\t\t\t\t<div class=\"elementor-element elementor-element-4d6bb88 elementor-widget elementor-widget-text-editor\" data-id=\"4d6bb88\" data-element_type=\"widget\" data-e-type=\"widget\" data-widget_type=\"text-editor.default\">\n\t\t\t\t<div class=\"elementor-widget-container\">\n\t\t\t\t\t\t\t\t\t<p><strong>Propri\u00e9taire du site<\/strong><br \/>Nom : Delphine Landru<br \/>Statut : Auto-entrepreneur<br \/>Adresse : 1 all\u00e9e du Cerf, Courdimanche<br \/>T\u00e9l\u00e9phone : 06 24 57 47 57<br \/>Adresse email : delphine.landru@cegetel.fr<br \/>Num\u00e9ro SIRET :\u00a090253106000017<\/p><p><strong>Directrice de publication<\/strong><br \/>Nom : Delphine Landru<br \/>R\u00f4le : Directrice de publication<\/p><p><strong>Cr\u00e9ation du site internet<\/strong><br \/>Cr\u00e9ateur du site : Jonathan Vigueur<br \/>Studio de cr\u00e9ation :\u00a0<a href=\"https:\/\/pastekom.fr\/\" target=\"_blank\" rel=\"noopener\">Pastekom<\/a><br \/>Contact : contact@pastekom.fr<\/p><p><strong>H\u00e9bergeur du site<\/strong><br \/>Nom de l\u2019h\u00e9bergeur : OVH<\/p><p><strong>Propri\u00e9t\u00e9 intellectuelle<\/strong><br \/>L\u2019ensemble des contenus pr\u00e9sents sur ce site (textes, images, logos, vid\u00e9os, etc.) est prot\u00e9g\u00e9 par les lois en vigueur sur la propri\u00e9t\u00e9 intellectuelle. Toute reproduction, distribution, modification ou exploitation de ces contenus sans l\u2019autorisation pr\u00e9alable \u00e9crite de Delphine Landru est strictement interdite.<\/p><p><strong>Limitation de responsabilit\u00e9<\/strong><br \/>Les informations fournies sur ce site sont \u00e0 titre informatif. Bien que nous nous efforcions de garantir leur exactitude, nous ne saurions \u00eatre tenus responsables des \u00e9ventuelles erreurs ou omissions, ni des dommages r\u00e9sultant de l\u2019utilisation de ces informations.<\/p><p><strong>Traitement des donn\u00e9es personnelles<\/strong><br \/>Conform\u00e9ment \u00e0 la r\u00e9glementation en vigueur (RGPD et loi Informatique et Libert\u00e9s), les donn\u00e9es personnelles collect\u00e9es via les formulaires pr\u00e9sents sur ce site sont utilis\u00e9es exclusivement pour r\u00e9pondre \u00e0 vos demandes et\/ou assurer le suivi de nos prestations.<\/p><p>Les donn\u00e9es collect\u00e9es sont conserv\u00e9es pendant une dur\u00e9e de <strong>6 mois<\/strong> \u00e0 compter de leur soumission, puis supprim\u00e9es. Vous disposez d\u2019un droit d\u2019acc\u00e8s, de rectification et de suppression de vos donn\u00e9es. Pour exercer ce droit, veuillez nous contacter \u00e0 delphine.landru@cegetel.fr.<\/p><p><strong>Cookies<\/strong><br \/>Ce site utilise des cookies pour am\u00e9liorer l\u2019exp\u00e9rience utilisateur. Vous pouvez param\u00e9trer vos pr\u00e9f\u00e9rences en mati\u00e8re de cookies dans les param\u00e8tres de votre navigateur.<\/p><p><strong>Litiges<\/strong><br \/>Tout litige en lien avec l\u2019utilisation de ce site est soumis \u00e0 la l\u00e9gislation fran\u00e7aise. En cas de diff\u00e9rend, les tribunaux fran\u00e7ais seront seuls comp\u00e9tents.<\/p>\t\t\t\t\t\t\t\t<\/div>\n\t\t\t\t<\/div>\n\t\t\t\t<\/div>\n\t\t\t\t\t<\/div>\n\t\t\t\t<\/div>\n\t\t\t\t<\/div>\n\t\t","protected":false},"excerpt":{"rendered":"<p>Mentions l\u00e9gales Propri\u00e9taire du siteNom : Delphine LandruStatut : Auto-entrepreneurAdresse : 1 all\u00e9e du Cerf, CourdimancheT\u00e9l\u00e9phone : 06 24 57 47 57Adresse email : delphine.landru@cegetel.frNum\u00e9ro SIRET :\u00a090253106000017 Directrice de publicationNom : Delphine LandruR\u00f4le : Directrice de publication Cr\u00e9ation du site internetCr\u00e9ateur du site : Jonathan VigueurStudio de cr\u00e9ation :\u00a0PastekomContact : contact@pastekom.fr H\u00e9bergeur du siteNom de [&hellip;]<\/p>\n","protected":false},"author":1,"featured_media":0,"parent":0,"menu_order":0,"comment_status":"closed","ping_status":"closed","template":"","meta":{"footnotes":""},"class_list":["post-705","page","type-page","status-publish","hentry"],"yoast_head":"<!-- This site is optimized with the Yoast SEO plugin v27.4 - https:\/\/yoast.com\/product\/yoast-seo-wordpress\/ -->\n<title>Mentions l\u00e9gales - Delphine Landru - Chanteuse lyrique<\/title>\n<meta name=\"robots\" content=\"index, follow, max-snippet:-1, max-image-preview:large, max-video-preview:-1\" \/>\n<link rel=\"canonical\" href=\"https:\/\/www.delphinelandru.com\/index.php\/mentions-legales\/\" \/>\n<meta property=\"og:locale\" content=\"fr_FR\" \/>\n<meta property=\"og:type\" content=\"article\" \/>\n<meta property=\"og:title\" content=\"Mentions l\u00e9gales - Delphine Landru - Chanteuse lyrique\" \/>\n<meta property=\"og:description\" content=\"Mentions l\u00e9gales Propri\u00e9taire du siteNom : Delphine LandruStatut : Auto-entrepreneurAdresse : 1 all\u00e9e du Cerf, CourdimancheT\u00e9l\u00e9phone : 06 24 57 47 57Adresse email : delphine.landru@cegetel.frNum\u00e9ro SIRET :\u00a090253106000017 Directrice de publicationNom : Delphine LandruR\u00f4le : Directrice de publication Cr\u00e9ation du site internetCr\u00e9ateur du site : Jonathan VigueurStudio de cr\u00e9ation :\u00a0PastekomContact : contact@pastekom.fr H\u00e9bergeur du siteNom de [&hellip;]\" \/>\n<meta property=\"og:url\" content=\"https:\/\/www.delphinelandru.com\/index.php\/mentions-legales\/\" \/>\n<meta property=\"og:site_name\" content=\"Delphine Landru - Chanteuse lyrique\" \/>\n<meta property=\"article:modified_time\" content=\"2024-12-18T19:26:37+00:00\" \/>\n<meta name=\"twitter:card\" content=\"summary_large_image\" \/>\n<meta name=\"twitter:label1\" content=\"Dur\u00e9e de lecture estim\u00e9e\" \/>\n\t<meta name=\"twitter:data1\" content=\"2 minutes\" \/>\n<script type=\"application\/ld+json\" class=\"yoast-schema-graph\">{\"@context\":\"https:\\\/\\\/schema.org\",\"@graph\":[{\"@type\":\"WebPage\",\"@id\":\"https:\\\/\\\/www.delphinelandru.com\\\/index.php\\\/mentions-legales\\\/\",\"url\":\"https:\\\/\\\/www.delphinelandru.com\\\/index.php\\\/mentions-legales\\\/\",\"name\":\"Mentions l\u00e9gales - Delphine Landru - Chanteuse lyrique\",\"isPartOf\":{\"@id\":\"https:\\\/\\\/www.delphinelandru.com\\\/#website\"},\"datePublished\":\"2024-12-02T11:55:29+00:00\",\"dateModified\":\"2024-12-18T19:26:37+00:00\",\"breadcrumb\":{\"@id\":\"https:\\\/\\\/www.delphinelandru.com\\\/index.php\\\/mentions-legales\\\/#breadcrumb\"},\"inLanguage\":\"fr-FR\",\"potentialAction\":[{\"@type\":\"ReadAction\",\"target\":[\"https:\\\/\\\/www.delphinelandru.com\\\/index.php\\\/mentions-legales\\\/\"]}]},{\"@type\":\"BreadcrumbList\",\"@id\":\"https:\\\/\\\/www.delphinelandru.com\\\/index.php\\\/mentions-legales\\\/#breadcrumb\",\"itemListElement\":[{\"@type\":\"ListItem\",\"position\":1,\"name\":\"Accueil\",\"item\":\"https:\\\/\\\/www.delphinelandru.com\\\/\"},{\"@type\":\"ListItem\",\"position\":2,\"name\":\"Mentions l\u00e9gales\"}]},{\"@type\":\"WebSite\",\"@id\":\"https:\\\/\\\/www.delphinelandru.com\\\/#website\",\"url\":\"https:\\\/\\\/www.delphinelandru.com\\\/\",\"name\":\"Delphine Landru - Soprane\",\"description\":\"Soprane dipl\u00f4m\u00e9e du Conservatoire de Paris\",\"potentialAction\":[{\"@type\":\"SearchAction\",\"target\":{\"@type\":\"EntryPoint\",\"urlTemplate\":\"https:\\\/\\\/www.delphinelandru.com\\\/?s={search_term_string}\"},\"query-input\":{\"@type\":\"PropertyValueSpecification\",\"valueRequired\":true,\"valueName\":\"search_term_string\"}}],\"inLanguage\":\"fr-FR\"}]}<\/script>\n<!-- \/ Yoast SEO plugin. -->","yoast_head_json":{"title":"Mentions l\u00e9gales - Delphine Landru - Chanteuse lyrique","robots":{"index":"index","follow":"follow","max-snippet":"max-snippet:-1","max-image-preview":"max-image-preview:large","max-video-preview":"max-video-preview:-1"},"canonical":"https:\/\/www.delphinelandru.com\/index.php\/mentions-legales\/","og_locale":"fr_FR","og_type":"article","og_title":"Mentions l\u00e9gales - Delphine Landru - Chanteuse lyrique","og_description":"Mentions l\u00e9gales Propri\u00e9taire du siteNom : Delphine LandruStatut : Auto-entrepreneurAdresse : 1 all\u00e9e du Cerf, CourdimancheT\u00e9l\u00e9phone : 06 24 57 47 57Adresse email : delphine.landru@cegetel.frNum\u00e9ro SIRET :\u00a090253106000017 Directrice de publicationNom : Delphine LandruR\u00f4le : Directrice de publication Cr\u00e9ation du site internetCr\u00e9ateur du site : Jonathan VigueurStudio de cr\u00e9ation :\u00a0PastekomContact : contact@pastekom.fr H\u00e9bergeur du siteNom de [&hellip;]","og_url":"https:\/\/www.delphinelandru.com\/index.php\/mentions-legales\/","og_site_name":"Delphine Landru - Chanteuse lyrique","article_modified_time":"2024-12-18T19:26:37+00:00","twitter_card":"summary_large_image","twitter_misc":{"Dur\u00e9e de lecture estim\u00e9e":"2 minutes"},"schema":{"@context":"https:\/\/schema.org","@graph":[{"@type":"WebPage","@id":"https:\/\/www.delphinelandru.com\/index.php\/mentions-legales\/","url":"https:\/\/www.delphinelandru.com\/index.php\/mentions-legales\/","name":"Mentions l\u00e9gales - Delphine Landru - Chanteuse lyrique","isPartOf":{"@id":"https:\/\/www.delphinelandru.com\/#website"},"datePublished":"2024-12-02T11:55:29+00:00","dateModified":"2024-12-18T19:26:37+00:00","breadcrumb":{"@id":"https:\/\/www.delphinelandru.com\/index.php\/mentions-legales\/#breadcrumb"},"inLanguage":"fr-FR","potentialAction":[{"@type":"ReadAction","target":["https:\/\/www.delphinelandru.com\/index.php\/mentions-legales\/"]}]},{"@type":"BreadcrumbList","@id":"https:\/\/www.delphinelandru.com\/index.php\/mentions-legales\/#breadcrumb","itemListElement":[{"@type":"ListItem","position":1,"name":"Accueil","item":"https:\/\/www.delphinelandru.com\/"},{"@type":"ListItem","position":2,"name":"Mentions l\u00e9gales"}]},{"@type":"WebSite","@id":"https:\/\/www.delphinelandru.com\/#website","url":"https:\/\/www.delphinelandru.com\/","name":"Delphine Landru - Soprane","description":"Soprane dipl\u00f4m\u00e9e du Conservatoire de Paris","potentialAction":[{"@type":"SearchAction","target":{"@type":"EntryPoint","urlTemplate":"https:\/\/www.delphinelandru.com\/?s={search_term_string}"},"query-input":{"@type":"PropertyValueSpecification","valueRequired":true,"valueName":"search_term_string"}}],"inLanguage":"fr-FR"}]}},"_links":{"self":[{"href":"https:\/\/www.delphinelandru.com\/index.php\/wp-json\/wp\/v2\/pages\/705","targetHints":{"allow":["GET"]}}],"collection":[{"href":"https:\/\/www.delphinelandru.com\/index.php\/wp-json\/wp\/v2\/pages"}],"about":[{"href":"https:\/\/www.delphinelandru.com\/index.php\/wp-json\/wp\/v2\/types\/page"}],"author":[{"embeddable":true,"href":"https:\/\/www.delphinelandru.com\/index.php\/wp-json\/wp\/v2\/users\/1"}],"replies":[{"embeddable":true,"href":"https:\/\/www.delphinelandru.com\/index.php\/wp-json\/wp\/v2\/comments?post=705"}],"version-history":[{"count":13,"href":"https:\/\/www.delphinelandru.com\/index.php\/wp-json\/wp\/v2\/pages\/705\/revisions"}],"predecessor-version":[{"id":761,"href":"https:\/\/www.delphinelandru.com\/index.php\/wp-json\/wp\/v2\/pages\/705\/revisions\/761"}],"wp:attachment":[{"href":"https:\/\/www.delphinelandru.com\/index.php\/wp-json\/wp\/v2\/media?parent=705"}],"curies":[{"name":"wp","href":"https:\/\/api.w.org\/{rel}","templated":true}]}}