{"id":442,"date":"2024-10-01T21:43:22","date_gmt":"2024-10-01T19:43:22","guid":{"rendered":"https:\/\/www.delphinelandru.com\/?page_id=442"},"modified":"2024-12-18T20:24:15","modified_gmt":"2024-12-18T19:24:15","slug":"tarifs-2","status":"publish","type":"page","link":"https:\/\/www.delphinelandru.com\/index.php\/tarifs-2\/","title":{"rendered":"Tarifs"},"content":{"rendered":"\t\t<div data-elementor-type=\"wp-page\" data-elementor-id=\"442\" class=\"elementor elementor-442\" data-elementor-post-type=\"page\">\n\t\t\t\t<div class=\"elementor-element elementor-element-e329cf9 e-flex e-con-boxed e-con e-parent\" data-id=\"e329cf9\" data-element_type=\"container\" data-e-type=\"container\">\n\t\t\t\t\t<div class=\"e-con-inner\">\n\t\t\t\t<div class=\"elementor-element elementor-element-cd225ce elementor-widget elementor-widget-price-list\" data-id=\"cd225ce\" data-element_type=\"widget\" data-e-type=\"widget\" data-widget_type=\"price-list.default\">\n\t\t\t\t<div class=\"elementor-widget-container\">\n\t\t\t\t\t\n\t\t<ul class=\"elementor-price-list\">\n\n\t\t\t\t\t\t\t\t\t<li class=\"elementor-price-list-item\">\t\t\t\t\n\t\t\t\t<div class=\"elementor-price-list-text\">\n\t\t\t\t\t\t\t\t\t<div class=\"elementor-price-list-header\">\n\t\t\t\t\t\t\t\t\t\t\t<span class=\"elementor-price-list-title\">\n\t\t\t\t\t\t\tCours de chant \u00e0 mon domicile \t\t\t\t\t\t<\/span>\n\t\t\t\t\t\t\t\t\t\t\t\t\t\t\t\t\t\t<span class=\"elementor-price-list-separator\"><\/span>\n\t\t\t\t\t\t\t\t\t\t\t\t\t\t\t\t\t\t\t<span class=\"elementor-price-list-price\">50 \u20ac \/ h<\/span>\n\t\t\t\t\t\t\t\t\t\t<\/div>\n\t\t\t\t\t\t\t\t\t\t\t\t<\/div>\n\t\t\t\t<\/li>\t\t\t\t\t\t\t\t\t\t\t\t<li class=\"elementor-price-list-item\">\t\t\t\t\n\t\t\t\t<div class=\"elementor-price-list-text\">\n\t\t\t\t\t\t\t\t\t<div class=\"elementor-price-list-header\">\n\t\t\t\t\t\t\t\t\t\t\t<span class=\"elementor-price-list-title\">\n\t\t\t\t\t\t\tC\u00e9r\u00e9monie de mariage ou enterrement\t\t\t\t\t\t\t<\/span>\n\t\t\t\t\t\t\t\t\t\t\t\t\t\t\t\t\t\t<span class=\"elementor-price-list-separator\"><\/span>\n\t\t\t\t\t\t\t\t\t\t\t\t\t\t\t\t\t\t\t<span class=\"elementor-price-list-price\">\u00e0 partir de 150\u20ac<\/span>\n\t\t\t\t\t\t\t\t\t\t<\/div>\n\t\t\t\t\t\t\t\t\t\t\t\t<\/div>\n\t\t\t\t<\/li>\t\t\t\t\t\t\t\t\t\t\t\t<li class=\"elementor-price-list-item\">\t\t\t\t\n\t\t\t\t<div class=\"elementor-price-list-text\">\n\t\t\t\t\t\t\t\t\t<div class=\"elementor-price-list-header\">\n\t\t\t\t\t\t\t\t\t\t\t<span class=\"elementor-price-list-title\">\n\t\t\t\t\t\t\tAnimation\t\t\t\t\t\t<\/span>\n\t\t\t\t\t\t\t\t\t\t\t\t\t\t\t\t\t\t<span class=\"elementor-price-list-separator\"><\/span>\n\t\t\t\t\t\t\t\t\t\t\t\t\t\t\t\t\t\t\t<span class=\"elementor-price-list-price\">\u00e0 partir de 200\u20ac<\/span>\n\t\t\t\t\t\t\t\t\t\t<\/div>\n\t\t\t\t\t\t\t\t\t\t\t\t<\/div>\n\t\t\t\t<\/li>\t\t\t\t\t\t\t\t\t\t\t\t<li class=\"elementor-price-list-item\">\t\t\t\t\n\t\t\t\t<div class=\"elementor-price-list-text\">\n\t\t\t\t\t\t\t\t\t<div class=\"elementor-price-list-header\">\n\t\t\t\t\t\t\t\t\t\t\t<span class=\"elementor-price-list-title\">\n\t\t\t\t\t\t\tConcert priv\u00e9\t\t\t\t\t\t<\/span>\n\t\t\t\t\t\t\t\t\t\t\t\t\t\t\t\t\t\t<span class=\"elementor-price-list-separator\"><\/span>\n\t\t\t\t\t\t\t\t\t\t\t\t\t\t\t\t\t\t\t<span class=\"elementor-price-list-price\">\u00e0 partir de 400\u20ac<\/span>\n\t\t\t\t\t\t\t\t\t\t<\/div>\n\t\t\t\t\t\t\t\t\t\t\t\t<\/div>\n\t\t\t\t<\/li>\t\t\t\t\t\t\t\t\t\t\t\t<li class=\"elementor-price-list-item\">\t\t\t\t\n\t\t\t\t<div class=\"elementor-price-list-text\">\n\t\t\t\t\t\t\t\t\t<div class=\"elementor-price-list-header\">\n\t\t\t\t\t\t\t\t\t\t\t<span class=\"elementor-price-list-title\">\n\t\t\t\t\t\t\tAutre demande\t\t\t\t\t\t<\/span>\n\t\t\t\t\t\t\t\t\t\t\t\t\t\t\t\t\t\t<span class=\"elementor-price-list-separator\"><\/span>\n\t\t\t\t\t\t\t\t\t\t\t\t\t\t\t\t\t\t\t<span class=\"elementor-price-list-price\">me consulter<\/span>\n\t\t\t\t\t\t\t\t\t\t<\/div>\n\t\t\t\t\t\t\t\t\t\t\t\t<\/div>\n\t\t\t\t<\/li>\t\t\t\t\t\n\t\t<\/ul>\n\n\t\t\t\t\t\t<\/div>\n\t\t\t\t<\/div>\n\t\t\t\t\t<\/div>\n\t\t\t\t<\/div>\n\t\t\t\t<\/div>\n\t\t","protected":false},"excerpt":{"rendered":"<p>Cours de chant \u00e0 mon domicile 50 \u20ac \/ h C\u00e9r\u00e9monie de mariage ou enterrement \u00e0 partir de 150\u20ac Animation \u00e0 partir de 200\u20ac Concert priv\u00e9 \u00e0 partir de 400\u20ac Autre demande me consulter<\/p>\n","protected":false},"author":1,"featured_media":0,"parent":0,"menu_order":0,"comment_status":"closed","ping_status":"closed","template":"","meta":{"footnotes":""},"class_list":["post-442","page","type-page","status-publish","hentry"],"yoast_head":"<!-- This site is optimized with the Yoast SEO plugin v27.4 - https:\/\/yoast.com\/product\/yoast-seo-wordpress\/ -->\n<title>Tarifs - Delphine Landru - Chanteuse lyrique<\/title>\n<meta name=\"robots\" content=\"index, follow, max-snippet:-1, max-image-preview:large, max-video-preview:-1\" \/>\n<link rel=\"canonical\" href=\"https:\/\/www.delphinelandru.com\/index.php\/tarifs-2\/\" \/>\n<meta property=\"og:locale\" content=\"fr_FR\" \/>\n<meta property=\"og:type\" content=\"article\" \/>\n<meta property=\"og:title\" content=\"Tarifs - Delphine Landru - Chanteuse lyrique\" \/>\n<meta property=\"og:description\" content=\"Cours de chant \u00e0 mon domicile 50 \u20ac \/ h C\u00e9r\u00e9monie de mariage ou enterrement \u00e0 partir de 150\u20ac Animation \u00e0 partir de 200\u20ac Concert priv\u00e9 \u00e0 partir de 400\u20ac Autre demande me consulter\" \/>\n<meta property=\"og:url\" content=\"https:\/\/www.delphinelandru.com\/index.php\/tarifs-2\/\" \/>\n<meta property=\"og:site_name\" content=\"Delphine Landru - Chanteuse lyrique\" \/>\n<meta property=\"article:modified_time\" content=\"2024-12-18T19:24:15+00:00\" \/>\n<meta name=\"twitter:card\" content=\"summary_large_image\" \/>\n<meta name=\"twitter:label1\" content=\"Dur\u00e9e de lecture estim\u00e9e\" \/>\n\t<meta name=\"twitter:data1\" content=\"1 minute\" \/>\n<script type=\"application\/ld+json\" class=\"yoast-schema-graph\">{\"@context\":\"https:\\\/\\\/schema.org\",\"@graph\":[{\"@type\":\"WebPage\",\"@id\":\"https:\\\/\\\/www.delphinelandru.com\\\/index.php\\\/tarifs-2\\\/\",\"url\":\"https:\\\/\\\/www.delphinelandru.com\\\/index.php\\\/tarifs-2\\\/\",\"name\":\"Tarifs - Delphine Landru - Chanteuse lyrique\",\"isPartOf\":{\"@id\":\"https:\\\/\\\/www.delphinelandru.com\\\/#website\"},\"datePublished\":\"2024-10-01T19:43:22+00:00\",\"dateModified\":\"2024-12-18T19:24:15+00:00\",\"breadcrumb\":{\"@id\":\"https:\\\/\\\/www.delphinelandru.com\\\/index.php\\\/tarifs-2\\\/#breadcrumb\"},\"inLanguage\":\"fr-FR\",\"potentialAction\":[{\"@type\":\"ReadAction\",\"target\":[\"https:\\\/\\\/www.delphinelandru.com\\\/index.php\\\/tarifs-2\\\/\"]}]},{\"@type\":\"BreadcrumbList\",\"@id\":\"https:\\\/\\\/www.delphinelandru.com\\\/index.php\\\/tarifs-2\\\/#breadcrumb\",\"itemListElement\":[{\"@type\":\"ListItem\",\"position\":1,\"name\":\"Accueil\",\"item\":\"https:\\\/\\\/www.delphinelandru.com\\\/\"},{\"@type\":\"ListItem\",\"position\":2,\"name\":\"Tarifs\"}]},{\"@type\":\"WebSite\",\"@id\":\"https:\\\/\\\/www.delphinelandru.com\\\/#website\",\"url\":\"https:\\\/\\\/www.delphinelandru.com\\\/\",\"name\":\"Delphine Landru - Soprane\",\"description\":\"Soprane dipl\u00f4m\u00e9e du Conservatoire de Paris\",\"potentialAction\":[{\"@type\":\"SearchAction\",\"target\":{\"@type\":\"EntryPoint\",\"urlTemplate\":\"https:\\\/\\\/www.delphinelandru.com\\\/?s={search_term_string}\"},\"query-input\":{\"@type\":\"PropertyValueSpecification\",\"valueRequired\":true,\"valueName\":\"search_term_string\"}}],\"inLanguage\":\"fr-FR\"}]}<\/script>\n<!-- \/ Yoast SEO plugin. -->","yoast_head_json":{"title":"Tarifs - Delphine Landru - Chanteuse lyrique","robots":{"index":"index","follow":"follow","max-snippet":"max-snippet:-1","max-image-preview":"max-image-preview:large","max-video-preview":"max-video-preview:-1"},"canonical":"https:\/\/www.delphinelandru.com\/index.php\/tarifs-2\/","og_locale":"fr_FR","og_type":"article","og_title":"Tarifs - Delphine Landru - Chanteuse lyrique","og_description":"Cours de chant \u00e0 mon domicile 50 \u20ac \/ h C\u00e9r\u00e9monie de mariage ou enterrement \u00e0 partir de 150\u20ac Animation \u00e0 partir de 200\u20ac Concert priv\u00e9 \u00e0 partir de 400\u20ac Autre demande me consulter","og_url":"https:\/\/www.delphinelandru.com\/index.php\/tarifs-2\/","og_site_name":"Delphine Landru - Chanteuse lyrique","article_modified_time":"2024-12-18T19:24:15+00:00","twitter_card":"summary_large_image","twitter_misc":{"Dur\u00e9e de lecture estim\u00e9e":"1 minute"},"schema":{"@context":"https:\/\/schema.org","@graph":[{"@type":"WebPage","@id":"https:\/\/www.delphinelandru.com\/index.php\/tarifs-2\/","url":"https:\/\/www.delphinelandru.com\/index.php\/tarifs-2\/","name":"Tarifs - Delphine Landru - Chanteuse lyrique","isPartOf":{"@id":"https:\/\/www.delphinelandru.com\/#website"},"datePublished":"2024-10-01T19:43:22+00:00","dateModified":"2024-12-18T19:24:15+00:00","breadcrumb":{"@id":"https:\/\/www.delphinelandru.com\/index.php\/tarifs-2\/#breadcrumb"},"inLanguage":"fr-FR","potentialAction":[{"@type":"ReadAction","target":["https:\/\/www.delphinelandru.com\/index.php\/tarifs-2\/"]}]},{"@type":"BreadcrumbList","@id":"https:\/\/www.delphinelandru.com\/index.php\/tarifs-2\/#breadcrumb","itemListElement":[{"@type":"ListItem","position":1,"name":"Accueil","item":"https:\/\/www.delphinelandru.com\/"},{"@type":"ListItem","position":2,"name":"Tarifs"}]},{"@type":"WebSite","@id":"https:\/\/www.delphinelandru.com\/#website","url":"https:\/\/www.delphinelandru.com\/","name":"Delphine Landru - Soprane","description":"Soprane dipl\u00f4m\u00e9e du Conservatoire de Paris","potentialAction":[{"@type":"SearchAction","target":{"@type":"EntryPoint","urlTemplate":"https:\/\/www.delphinelandru.com\/?s={search_term_string}"},"query-input":{"@type":"PropertyValueSpecification","valueRequired":true,"valueName":"search_term_string"}}],"inLanguage":"fr-FR"}]}},"_links":{"self":[{"href":"https:\/\/www.delphinelandru.com\/index.php\/wp-json\/wp\/v2\/pages\/442","targetHints":{"allow":["GET"]}}],"collection":[{"href":"https:\/\/www.delphinelandru.com\/index.php\/wp-json\/wp\/v2\/pages"}],"about":[{"href":"https:\/\/www.delphinelandru.com\/index.php\/wp-json\/wp\/v2\/types\/page"}],"author":[{"embeddable":true,"href":"https:\/\/www.delphinelandru.com\/index.php\/wp-json\/wp\/v2\/users\/1"}],"replies":[{"embeddable":true,"href":"https:\/\/www.delphinelandru.com\/index.php\/wp-json\/wp\/v2\/comments?post=442"}],"version-history":[{"count":13,"href":"https:\/\/www.delphinelandru.com\/index.php\/wp-json\/wp\/v2\/pages\/442\/revisions"}],"predecessor-version":[{"id":755,"href":"https:\/\/www.delphinelandru.com\/index.php\/wp-json\/wp\/v2\/pages\/442\/revisions\/755"}],"wp:attachment":[{"href":"https:\/\/www.delphinelandru.com\/index.php\/wp-json\/wp\/v2\/media?parent=442"}],"curies":[{"name":"wp","href":"https:\/\/api.w.org\/{rel}","templated":true}]}}